{"id":620,"date":"2022-04-05T14:27:58","date_gmt":"2022-04-05T12:27:58","guid":{"rendered":"https:\/\/www.hotel-garni-paleta.si\/v4\/aktivnosti-2\/"},"modified":"2022-08-17T16:49:18","modified_gmt":"2022-08-17T14:49:18","slug":"activities","status":"publish","type":"page","link":"https:\/\/www.hotel-garni-paleta.si\/en\/activities\/","title":{"rendered":"Activities"},"content":{"rendered":"<p>[vc_row][vc_column width=&#8221;1\/2&#8243;][vc_empty_space height=&#8221;10px&#8221;]<h3 class=\"sohohotel-title-20px sohohotel-clearfix sohohotel-title-center\">Tourist attractions<\/h3>[vc_column_text]<\/p>\n<ul>\n<li>The old city town and a castle with museum<\/li>\n<li>Galleries: Sokolski dom, Ivan Grohar Gallery, France Miheli\u010d Gallery, Castle Gallery<\/li>\n<li>The Capuchin bridge, The Capuchin monastery, The Capuchin library<\/li>\n<li>Pu\u0161tal, Stara Loka<\/li>\n<li>Pilgrim church in Crngrob<\/li>\n<li>Tav\u010dar Manor in Visoko, Poljanska valley<\/li>\n<\/ul>\n<p>[\/vc_column_text][vc_empty_space height=&#8221;40px&#8221;][\/vc_column][vc_column width=&#8221;1\/2&#8243;][vc_empty_space height=&#8221;10px&#8221;]<div class=\"sohohotel-video-thumbnail-wrapper\"><div class=\"sohohotel-video-play\"><a href=\"https:\/\/www.youtube.com\/watch?time_continue=5&amp;v=uTMLIyW9liQ\" data-gal=\"prettyPhoto\"><i class=\"fa fa-play\"><\/i><\/a><\/div><div class=\"sohohotel-video-thumbnail-overlay\"><\/div><img src=\"https:\/\/www.hotel-garni-paleta.si\/en\/wp-content\/uploads\/sites\/2\/2022\/05\/skofja-loka-infinite-stories-552x330-1.jpg\" alt=\"\" \/><\/div>[vc_column_text]<\/p>\n<p style=\"text-align: center;\">introductory video of \u0160kofja Loka (www.visitskofjaloka.si)<\/p>\n<p>[\/vc_column_text][\/vc_column][\/vc_row][vc_row][vc_column width=&#8221;1\/2&#8243;][vc_masonry_media_grid element_width=&#8221;6&#8243; grid_id=&#8221;vc_gid:1660747520436-4676f532-37c7-8&#8243; include=&#8221;1160,1161,1162,1163&#8243;][vc_empty_space][\/vc_column][vc_column width=&#8221;1\/2&#8243;]<h3 class=\"sohohotel-title-20px sohohotel-clearfix sohohotel-title-left\">Events<\/h3>[vc_column_text]<\/p>\n<ul>\n<li>Historical festival Historial<\/li>\n<li>The \u0160kofja Loka passion play<\/li>\n<li>Colourful Loka festival<\/li>\n<li>O\u2019Musical Loka<\/li>\n<li>Events and concerts in Sokolski dom<\/li>\n<\/ul>\n<p>[\/vc_column_text][vc_empty_space][\/vc_column][vc_column][\/vc_column][\/vc_row][vc_row][vc_column]<h3 class=\"sohohotel-title-20px sohohotel-clearfix sohohotel-title-left\">Sport activities<\/h3>[vc_column_text]<\/p>\n<ul>\n<li>For the hiking-lovers there are various difficulty routes to Lubnik, Kri\u017ena gora, Ratitovec, Blego\u0161\u2026<\/li>\n<li>For the ski-lovers there are many ski slopes available in the vicinity of \u0160kofja Loka: Stari vrh, \u010crni vrh, Sori\u0161ka planina, Krvavec\u2026 They are only 20 minutes away from the city center.<\/li>\n<li>On your enquiry we can provide a ski-boarding instructor.<\/li>\n<li>Tourist Information Centre offers renting bicycles, so you can explore the Sor\u0161ko Field or hills around \u0160kofja Loka and experience some of the most beautiful views.<\/li>\n<li>In our hotel fishing enthusiasts can buy day fishing permits from Fishing family \u0160kofja Loka. Available for the Sora river, Sel\u0161ka Sora river and Poljanska Sora river.<\/li>\n<li>In the summer you can freshen up in the rivers and river pools, yet in colder months you can buy tickets for the swimming pool in \u017delezniki (15 km).<\/li>\n<li>To stay in shape even when you are visiting us in \u0160kofja Loka, you can join a functional training or take part in personal training in sports centre.<\/li>\n<\/ul>\n<p>[\/vc_column_text][vc_media_grid style=&#8221;lazy&#8221; items_per_page=&#8221;6&#8243; element_width=&#8221;2&#8243; item=&#8221;masonryMedia_SolidBlurOut&#8221; grid_id=&#8221;vc_gid:1660747520437-5eaf9280-aac4-1&#8243; include=&#8221;1165,1166,1167,1168,1169,1170,1171,1172,1173,1174,1175,1176&#8243;][vc_empty_space][\/vc_column][\/vc_row][vc_row][vc_column width=&#8221;1\/2&#8243;]<h3 class=\"sohohotel-title-20px sohohotel-clearfix sohohotel-title-left\">Culture<\/h3>[vc_column_text]At the turn of the 20th century \u0160kofja Loka was a home for many Slovenian impressionist painters, such as Grohar, Jakopi\u010d and Jama, therefore the city is also called Slovenian Barbizon.<\/p>\n<ul>\n<li>Picturesque streets, castle, riversides and intact nature still attracts painters and photographs, searching for remarkable motifs.<\/li>\n<li>In the vicinity of \u0160kofja Loka, there are many attractive locations, visited by photographers from all around the world: Jamnik and St. Thomas\u2026<\/li>\n<li>We can arrange a felting workshop in \u0160kofja Loka, with the craftsman and the master of felting Anja Musek.<\/li>\n<\/ul>\n<p>[\/vc_column_text][\/vc_column][vc_column width=&#8221;1\/2&#8243;][vc_empty_space height=&#8221;10px&#8221;][vc_masonry_media_grid element_width=&#8221;6&#8243; grid_id=&#8221;vc_gid:1660747520437-c6dc620e-3d7d-10&#8243; include=&#8221;1178,1179,1180,1181&#8243;][\/vc_column][\/vc_row][vc_row][vc_column][\/vc_column][\/vc_row]<\/p>\n","protected":false},"excerpt":{"rendered":"<p>[vc_row][vc_column width=&#8221;1\/2&#8243;][vc_empty_space height=&#8221;10px&#8221;][vc_column_text] The old city town and a castle with museum Galleries: Sokolski dom, Ivan Grohar Gallery, France Miheli\u010d Gallery, Castle Gallery The Capuchin bridge, The Capuchin monastery, The Capuchin library Pu\u0161tal, Stara Loka Pilgrim church in Crngrob Tav\u010dar Manor in Visoko, Poljanska valley [\/vc_column_text][vc_empty_space height=&#8221;40px&#8221;][\/vc_column][vc_column width=&#8221;1\/2&#8243;][vc_empty_space height=&#8221;10px&#8221;][vc_column_text] introductory video of \u0160kofja Loka (www.visitskofjaloka.si)<\/p>\n<a href=\"https:\/\/www.hotel-garni-paleta.si\/en\/activities\/\" class=\"sohohotel-more-link\">Read More<\/a>","protected":false},"author":1,"featured_media":0,"parent":0,"menu_order":0,"comment_status":"closed","ping_status":"closed","template":"","meta":[],"_links":{"self":[{"href":"https:\/\/www.hotel-garni-paleta.si\/en\/wp-json\/wp\/v2\/pages\/620"}],"collection":[{"href":"https:\/\/www.hotel-garni-paleta.si\/en\/wp-json\/wp\/v2\/pages"}],"about":[{"href":"https:\/\/www.hotel-garni-paleta.si\/en\/wp-json\/wp\/v2\/types\/page"}],"author":[{"embeddable":true,"href":"https:\/\/www.hotel-garni-paleta.si\/en\/wp-json\/wp\/v2\/users\/1"}],"replies":[{"embeddable":true,"href":"https:\/\/www.hotel-garni-paleta.si\/en\/wp-json\/wp\/v2\/comments?post=620"}],"version-history":[{"count":3,"href":"https:\/\/www.hotel-garni-paleta.si\/en\/wp-json\/wp\/v2\/pages\/620\/revisions"}],"predecessor-version":[{"id":1377,"href":"https:\/\/www.hotel-garni-paleta.si\/en\/wp-json\/wp\/v2\/pages\/620\/revisions\/1377"}],"wp:attachment":[{"href":"https:\/\/www.hotel-garni-paleta.si\/en\/wp-json\/wp\/v2\/media?parent=620"}],"curies":[{"name":"wp","href":"https:\/\/api.w.org\/{rel}","templated":true}]}}